{"id":44933,"date":"2025-06-05T09:40:32","date_gmt":"2025-06-05T07:40:32","guid":{"rendered":"https:\/\/abi-newsite.azurewebsites.net\/?page_id=44933"},"modified":"2025-06-18T10:52:18","modified_gmt":"2025-06-18T08:52:18","slug":"formazione-digitale","status":"publish","type":"page","link":"https:\/\/www.abi.it\/en\/i-macro-trend\/capitale-umano\/formazione-digitale\/","title":{"rendered":"Digital training"},"content":{"rendered":"<div data-elementor-type=\"wp-page\" data-elementor-id=\"44933\" class=\"elementor elementor-44933\" data-elementor-post-type=\"page\">\n\t\t\t\t        <section class=\"elementor-section elementor-top-section elementor-element elementor-element-578d28d elementor-section-stretched elementor-section-boxed elementor-section-height-default elementor-section-height-default pxl-row-scroll-none pxl-zoom-point-false pxl-section-overflow-visible pxl-section-fix-none pxl-bg-color-none pxl-section-overlay-none\" data-id=\"578d28d\" data-element_type=\"section\" data-e-type=\"section\" id=\"skip-to-main-content\" data-settings=\"{&quot;stretch_section&quot;:&quot;section-stretched&quot;}\">\n\n                \n                <div class=\"elementor-container elementor-column-gap-extended\">\n                <section class=\"elementor-column elementor-col-100 elementor-top-column elementor-element elementor-element-caa1065 pxl-column-sticky pxl-column-overflow-hidden-no\" data-id=\"caa1065\" data-element_type=\"column\" data-e-type=\"column\">\n        <div class=\"elementor-widget-wrap elementor-element-populated\">\n                     \n        \t\t<div class=\"elementor-element elementor-element-ac17dd2 elementor-align-left elementor-widget elementor-widget-breadcrumbs\" data-id=\"ac17dd2\" data-element_type=\"widget\" data-e-type=\"widget\" data-widget_type=\"breadcrumbs.default\">\n\t\t\t\t<div class=\"elementor-widget-container\">\n\t\t\t\t\t<nav id=\"breadcrumbs\"><span><span><a href=\"https:\/\/abi-newsite.azurewebsites.net\/\">Home<\/a><\/span><\/span><\/nav>\t\t\t\t<\/div>\n\t\t\t\t<\/div>\n\t\t\t\t<div class=\"elementor-element elementor-element-1aec473 elementor-widget elementor-widget-heading\" data-id=\"1aec473\" data-element_type=\"widget\" data-e-type=\"widget\" data-widget_type=\"heading.default\">\n\t\t\t\t<div class=\"elementor-widget-container\">\n\t\t\t\t\t<h1 class=\"elementor-heading-title elementor-size-default\">Digital training<\/h1>\t\t\t\t<\/div>\n\t\t\t\t<\/div>\n\t\t<article class=\"elementor-element elementor-element-f273208 section e-con-full e-flex e-con e-parent\" data-id=\"f273208\" data-element_type=\"container\" data-e-type=\"container\" id=\"section-1\">\n\t\t\t\t<div class=\"elementor-element elementor-element-83de93f elementor-widget elementor-widget-pxl_text_editor\" data-id=\"83de93f\" data-element_type=\"widget\" data-e-type=\"widget\" data-widget_type=\"pxl_text_editor.default\">\n\t\t\t\t<div class=\"elementor-widget-container\">\n\t\t\t\t\t<div class=\"pxl-text-editor\">\n\t<div class=\"pxl-item--inner\" data-wow-delay=\"ms\">\n\t\t<p class=\"xmsonormal\" style=\"margin: 0cm\">Il settore bancario \u00e8 oggi al centro di una trasformazione digitale profonda, che coinvolge le persone, prima che i processi e i servizi. Le banche riconoscono che l\u2019innovazione tecnologica non pu\u00f2 prescindere da un investimento strategico e continuo nel capitale umano. Per questo motivo, la <strong>formazione digitale<\/strong> rappresenta una priorit\u00e0.<\/p>\t\t\n\t<\/div>\n<\/div>\t\t\t\t<\/div>\n\t\t\t\t<\/div>\n\t\t\t\t<div class=\"elementor-element elementor-element-599e0ca elementor-widget elementor-widget-pxl_text_editor\" data-id=\"599e0ca\" data-element_type=\"widget\" data-e-type=\"widget\" data-widget_type=\"pxl_text_editor.default\">\n\t\t\t\t<div class=\"elementor-widget-container\">\n\t\t\t\t\t<div class=\"pxl-text-editor\">\n\t<div class=\"pxl-item--inner\" data-wow-delay=\"ms\">\n\t\t<p class=\"xmsonormal\" style=\"margin: 0cm\">Le banche, supportate dai Fondi bilaterali di settore per la formazione (FBA e Fondir), progettano e implementano <strong>percorsi formativi strutturati<\/strong>, rivolti ai diversi livelli dell\u2019organizzazione, con l\u2019obiettivo di sviluppare competenze digitali avanzate e promuovere una cultura dell\u2019innovazione. Le Academy interne alle imprese e ai gruppi rappresentano un modello consolidato: ambienti di apprendimento dinamici, che offrono anche corsi su intelligenza artificiale, data science, blockchain, cloud computing, cybersecurity e automazione dei processi.<\/p>\t\t\n\t<\/div>\n<\/div>\t\t\t\t<\/div>\n\t\t\t\t<\/div>\n\t\t\t\t<div class=\"elementor-element elementor-element-613a7f7 elementor-widget elementor-widget-pxl_text_editor\" data-id=\"613a7f7\" data-element_type=\"widget\" data-e-type=\"widget\" data-widget_type=\"pxl_text_editor.default\">\n\t\t\t\t<div class=\"elementor-widget-container\">\n\t\t\t\t\t<div class=\"pxl-text-editor\">\n\t<div class=\"pxl-item--inner\" data-wow-delay=\"ms\">\n\t\t<p class=\"xmsonormal\" style=\"margin: 0cm\">Questi percorsi sono personalizzati in base ai ruoli, alle competenze, alle esigenze delle persone, e vengono erogati sia in presenza sia attraverso <strong>piattaforme digitali<\/strong> che garantiscono flessibilit\u00e0, accessibilit\u00e0 e aggiornamento costante. Le banche collaborano inoltre con <strong>universit\u00e0, centri di ricerca e societ\u00e0 specializzate nella formazione,<\/strong> per integrare nei propri programmi contenuti all\u2019avanguardia e metodologie didattiche innovative.<\/p>\t\t\n\t<\/div>\n<\/div>\t\t\t\t<\/div>\n\t\t\t\t<\/div>\n\t\t\t\t<div class=\"elementor-element elementor-element-2de60c1 elementor-widget elementor-widget-pxl_text_editor\" data-id=\"2de60c1\" data-element_type=\"widget\" data-e-type=\"widget\" data-widget_type=\"pxl_text_editor.default\">\n\t\t\t\t<div class=\"elementor-widget-container\">\n\t\t\t\t\t<div class=\"pxl-text-editor\">\n\t<div class=\"pxl-item--inner\" data-wow-delay=\"ms\">\n\t\t<p class=\"xmsonormal\" style=\"margin: 0cm\">Lo sviluppo delle persone si articola anche in <strong>processi che ne migliorano le abilit\u00e0<\/strong> e consentono di acquisirne di nuove per svolgere il loro lavoro in modo efficace e al passo con l\u2019evoluzione tecnologica e digitale.<\/p>\t\t\n\t<\/div>\n<\/div>\t\t\t\t<\/div>\n\t\t\t\t<\/div>\n\t\t\t\t<div class=\"elementor-element elementor-element-d159541 elementor-widget elementor-widget-pxl_text_editor\" data-id=\"d159541\" data-element_type=\"widget\" data-e-type=\"widget\" data-widget_type=\"pxl_text_editor.default\">\n\t\t\t\t<div class=\"elementor-widget-container\">\n\t\t\t\t\t<div class=\"pxl-text-editor\">\n\t<div class=\"pxl-item--inner\" data-wow-delay=\"ms\">\n\t\t<p class=\"xmsonormal\" style=\"margin: 0cm\">In tal senso, un ruolo centrale \u00e8 svolto dai programmi di <strong>reskilling e upskilling<\/strong>, che, anche con il supporto del Fondo di solidariet\u00e0 di settore, permettono di riqualificare il personale esistente e accompagnarlo verso nuovi ruoli e funzioni digitali.<\/p>\t\t\n\t<\/div>\n<\/div>\t\t\t\t<\/div>\n\t\t\t\t<\/div>\n\t\t\t\t<div class=\"elementor-element elementor-element-321cef0 elementor-widget elementor-widget-pxl_text_editor\" data-id=\"321cef0\" data-element_type=\"widget\" data-e-type=\"widget\" data-widget_type=\"pxl_text_editor.default\">\n\t\t\t\t<div class=\"elementor-widget-container\">\n\t\t\t\t\t<div class=\"pxl-text-editor\">\n\t<div class=\"pxl-item--inner\" data-wow-delay=\"ms\">\n\t\t<p class=\"xmsonormal\" style=\"margin: 0cm\">In questo scenario, in cui la formazione digitale non \u00e8 solo strumento di aggiornamento, ma diventa un<strong> fattore strategico e abilitante di competitivit\u00e0<\/strong>, ABI opera a supporto delle aziende di settore, ponendosi quale volano dell\u2019evoluzione del settore finanziario.<\/p>\t\t\n\t<\/div>\n<\/div>\t\t\t\t<\/div>\n\t\t\t\t<\/div>\n\t\t\t\t<\/article>\n\t\t<div class=\"elementor-element elementor-element-85b1e15 e-con-full e-flex e-con e-child\" data-id=\"85b1e15\" data-element_type=\"container\" data-e-type=\"container\">\n\t\t<header class=\"elementor-element elementor-element-f74f5e9 e-con-full e-flex e-con e-child\" data-id=\"f74f5e9\" data-element_type=\"container\" data-e-type=\"container\">\n\t\t\t\t<div class=\"elementor-element elementor-element-6709a42 elementor-widget__width-auto elementor-widget elementor-widget-pxl_heading\" data-id=\"6709a42\" data-element_type=\"widget\" data-e-type=\"widget\" data-widget_type=\"pxl_heading.default\">\n\t\t\t\t<div class=\"elementor-widget-container\">\n\t\t\t\t\t\n<div id=\"pxl-pxl_heading-6709a42-4288\" class=\"pxl-heading\" >\n\t<div class=\"pxl-heading--container\" >\n\t\t<div class=\"pxl-heading--inner\">\n\t\t\t\t\t\t\t\t\t<h2 class=\"pxl-item--title pxl-heading-default1\" data-wow-delay=\"\">\n\t\t\t\tRelated articles\t\t\t\t\t\n\t\t\t\t\t\t\t<\/h2>\n\t\t<\/div>\n\t\t\n\t<\/div>\n<\/div>\n\t\t\t\t<\/div>\n\t\t\t\t<\/div>\n\t\t\t\t<div class=\"elementor-element elementor-element-4dc8b3b elementor-mobile_extra-align-center elementor-hidden-mobile_extra elementor-hidden-mobile elementor-widget elementor-widget-button\" data-id=\"4dc8b3b\" data-element_type=\"widget\" data-e-type=\"widget\" data-widget_type=\"button.default\">\n\t\t\t\t<div class=\"elementor-widget-container\">\n\t\t\t\t\t\t\t\t\t<div class=\"elementor-button-wrapper\">\n\t\t\t\t\t<a class=\"elementor-button elementor-button-link elementor-size-sm\" href=\"\/en\/media\/\">\n\t\t\t\t\t\t<span class=\"elementor-button-content-wrapper\">\n\t\t\t\t\t\t\t\t\t<span class=\"elementor-button-text\">Go to media<\/span>\n\t\t\t\t\t<\/span>\n\t\t\t\t\t<\/a>\n\t\t\t\t<\/div>\n\t\t\t\t\t\t\t\t<\/div>\n\t\t\t\t<\/div>\n\t\t\t\t<\/header>\n\t\t\t\t<div class=\"elementor-element elementor-element-cb8f4fc elementor-grid-3 elementor-grid-tablet-2 elementor-grid-mobile-1 elementor-widget elementor-widget-loop-grid\" data-id=\"cb8f4fc\" data-element_type=\"widget\" data-e-type=\"widget\" data-settings=\"{&quot;template_id&quot;:&quot;37200&quot;,&quot;row_gap_laptop&quot;:{&quot;unit&quot;:&quot;px&quot;,&quot;size&quot;:24,&quot;sizes&quot;:[]},&quot;row_gap_tablet_extra&quot;:{&quot;unit&quot;:&quot;px&quot;,&quot;size&quot;:24,&quot;sizes&quot;:[]},&quot;row_gap_tablet&quot;:{&quot;unit&quot;:&quot;px&quot;,&quot;size&quot;:50,&quot;sizes&quot;:[]},&quot;row_gap_mobile_extra&quot;:{&quot;unit&quot;:&quot;px&quot;,&quot;size&quot;:40,&quot;sizes&quot;:[]},&quot;_skin&quot;:&quot;post&quot;,&quot;columns&quot;:&quot;3&quot;,&quot;columns_tablet&quot;:&quot;2&quot;,&quot;columns_mobile&quot;:&quot;1&quot;,&quot;edit_handle_selector&quot;:&quot;[data-elementor-type=\\&quot;loop-item\\&quot;]&quot;,&quot;row_gap&quot;:{&quot;unit&quot;:&quot;px&quot;,&quot;size&quot;:&quot;&quot;,&quot;sizes&quot;:[]},&quot;row_gap_widescreen&quot;:{&quot;unit&quot;:&quot;px&quot;,&quot;size&quot;:&quot;&quot;,&quot;sizes&quot;:[]},&quot;row_gap_mobile&quot;:{&quot;unit&quot;:&quot;px&quot;,&quot;size&quot;:&quot;&quot;,&quot;sizes&quot;:[]}}\" data-widget_type=\"loop-grid.post\">\n\t\t\t\t<div class=\"elementor-widget-container\">\n\t\t\t\t\t\t\t<div class=\"e-loop-nothing-found-message\">\n\t\t<\/div>\n\t\t\t\t\t\t<\/div>\n\t\t\t\t<\/div>\n\t\t\t\t<div class=\"elementor-element elementor-element-d71500a elementor-mobile_extra-align-center elementor-hidden-widescreen elementor-hidden-desktop elementor-hidden-laptop elementor-hidden-tablet_extra elementor-hidden-tablet elementor-widget elementor-widget-button\" data-id=\"d71500a\" data-element_type=\"widget\" data-e-type=\"widget\" data-widget_type=\"button.default\">\n\t\t\t\t<div class=\"elementor-widget-container\">\n\t\t\t\t\t\t\t\t\t<div class=\"elementor-button-wrapper\">\n\t\t\t\t\t<a class=\"elementor-button elementor-button-link elementor-size-sm\" href=\"\/en\/media\/\">\n\t\t\t\t\t\t<span class=\"elementor-button-content-wrapper\">\n\t\t\t\t\t\t\t\t\t<span class=\"elementor-button-text\">Go to media<\/span>\n\t\t\t\t\t<\/span>\n\t\t\t\t\t<\/a>\n\t\t\t\t<\/div>\n\t\t\t\t\t\t\t\t<\/div>\n\t\t\t\t<\/div>\n\t\t\t\t<\/div>\n\t\t\t\t<div class=\"elementor-element elementor-element-249f6cb elementor-widget elementor-widget-html\" data-id=\"249f6cb\" data-element_type=\"widget\" data-e-type=\"widget\" data-widget_type=\"html.default\">\n\t\t\t\t<div class=\"elementor-widget-container\">\n\t\t\t\t\t<script>\n\nconst sections = document.querySelectorAll('.section');\nconst menuItems = document.querySelectorAll('#menu-sicurezza-fisica li a');\n\nfunction setActiveMenu() {\n  let current = sections[0].getAttribute('id');\n  let minDistance = Number.POSITIVE_INFINITY;\n\n  sections.forEach(section => {\n    const distance = Math.abs(section.getBoundingClientRect().top);\n    if (distance < minDistance) {\n      minDistance = distance;\n      current = section.getAttribute('id');\n    }\n  });\n\n  menuItems.forEach(link => {\n    link.classList.remove('active');\n    if (link.getAttribute('href') === '#' + current) {\n      link.classList.add('active');\n    }\n  });\n}\n\nwindow.addEventListener('scroll', setActiveMenu);\nwindow.addEventListener('load', setActiveMenu);\n\n\n\n    \n<\/script>\n\n\n<style>\n    .well.c2a3 {\n        padding: 0;\n        padding-left: 10px;\n        margin-bottom: 0;\n        background-color: green;\n    }\n    \n    \/*.fas.fa-hdd.mr-1,*\/\n    \/*.ml-3.far.fa-arrow-alt-circle-down.mr-1{*\/\n    \/*    color: #074973;*\/\n    \/*}*\/\n    \n    .text-center {\n        display: none;\n    }\n    \n\n.active {\n  font-weight: 800 !important;\n  color: #074973 !important;\n}\n<\/style>\t\t\t\t<\/div>\n\t\t\t\t<\/div>\n\t\t            <\/div>\n        <\/section>\n        \t\t\t<\/div>\n\t\t<\/section>\n\t\t\t\t<\/div>","protected":false},"excerpt":{"rendered":"<p>Formazione digitale Il settore bancario \u00e8 oggi al centro di una trasformazione digitale profonda, che coinvolge le persone, prima che i processi e i servizi. Le banche riconoscono che l\u2019innovazione tecnologica non pu\u00f2 prescindere da un investimento strategico e continuo nel capitale umano. Per questo motivo, la formazione digitale rappresenta una priorit\u00e0. Le banche, supportate [&hellip;]<\/p>","protected":false},"author":19,"featured_media":0,"parent":39229,"menu_order":0,"comment_status":"closed","ping_status":"closed","template":"","meta":{"_acf_changed":false,"footnotes":""},"class_list":["post-44933","page","type-page","status-publish","hentry"],"acf":[],"yoast_head":"<!-- This site is optimized with the Yoast SEO plugin v27.2 - https:\/\/yoast.com\/product\/yoast-seo-wordpress\/ -->\n<title>Formazione digitale - ABI - Associazione Bancaria Italiana<\/title>\n<meta name=\"robots\" content=\"index, follow, max-snippet:-1, max-image-preview:large, max-video-preview:-1\" \/>\n<link rel=\"canonical\" href=\"https:\/\/www.abi.it\/en\/i-macro-trend\/capitale-umano\/formazione-digitale\/\" \/>\n<meta property=\"og:locale\" content=\"en_GB\" \/>\n<meta property=\"og:type\" content=\"article\" \/>\n<meta property=\"og:title\" content=\"Formazione digitale - ABI - Associazione Bancaria Italiana\" \/>\n<meta property=\"og:description\" content=\"Formazione digitale Il settore bancario \u00e8 oggi al centro di una trasformazione digitale profonda, che coinvolge le persone, prima che i processi e i servizi. Le banche riconoscono che l\u2019innovazione tecnologica non pu\u00f2 prescindere da un investimento strategico e continuo nel capitale umano. Per questo motivo, la formazione digitale rappresenta una priorit\u00e0. Le banche, supportate [&hellip;]\" \/>\n<meta property=\"og:url\" content=\"https:\/\/www.abi.it\/en\/i-macro-trend\/capitale-umano\/formazione-digitale\/\" \/>\n<meta property=\"og:site_name\" content=\"ABI - Associazione Bancaria Italiana\" \/>\n<meta property=\"article:modified_time\" content=\"2025-06-18T08:52:18+00:00\" \/>\n<meta name=\"twitter:card\" content=\"summary_large_image\" \/>\n<meta name=\"twitter:label1\" content=\"Estimated reading time\" \/>\n\t<meta name=\"twitter:data1\" content=\"2 minutes\" \/>\n<script type=\"application\/ld+json\" class=\"yoast-schema-graph\">{\"@context\":\"https:\/\/schema.org\",\"@graph\":[{\"@type\":\"WebPage\",\"@id\":\"https:\/\/www.abi.it\/i-macro-trend\/capitale-umano\/formazione-digitale\/\",\"url\":\"https:\/\/www.abi.it\/i-macro-trend\/capitale-umano\/formazione-digitale\/\",\"name\":\"Formazione digitale - ABI - Associazione Bancaria Italiana\",\"isPartOf\":{\"@id\":\"https:\/\/www.abi.it\/#website\"},\"datePublished\":\"2025-06-05T07:40:32+00:00\",\"dateModified\":\"2025-06-18T08:52:18+00:00\",\"breadcrumb\":{\"@id\":\"https:\/\/www.abi.it\/i-macro-trend\/capitale-umano\/formazione-digitale\/#breadcrumb\"},\"inLanguage\":\"en-GB\",\"potentialAction\":[{\"@type\":\"ReadAction\",\"target\":[\"https:\/\/www.abi.it\/i-macro-trend\/capitale-umano\/formazione-digitale\/\"]}]},{\"@type\":\"BreadcrumbList\",\"@id\":\"https:\/\/www.abi.it\/i-macro-trend\/capitale-umano\/formazione-digitale\/#breadcrumb\",\"itemListElement\":[{\"@type\":\"ListItem\",\"position\":1,\"name\":\"Home\",\"item\":\"https:\/\/abi-newsite.azurewebsites.net\/\"},{\"@type\":\"ListItem\",\"position\":2,\"name\":\"I macro-trend\",\"item\":\"https:\/\/www.abi.it\/i-macro-trend\/\"},{\"@type\":\"ListItem\",\"position\":3,\"name\":\"Capitale umano\",\"item\":\"https:\/\/www.abi.it\/i-macro-trend\/capitale-umano\/\"},{\"@type\":\"ListItem\",\"position\":4,\"name\":\"Formazione digitale\"}]},{\"@type\":\"WebSite\",\"@id\":\"https:\/\/www.abi.it\/#website\",\"url\":\"https:\/\/www.abi.it\/\",\"name\":\"ABI - Associazione Bancaria Italiana\",\"description\":\"\",\"potentialAction\":[{\"@type\":\"SearchAction\",\"target\":{\"@type\":\"EntryPoint\",\"urlTemplate\":\"https:\/\/www.abi.it\/?s={search_term_string}\"},\"query-input\":{\"@type\":\"PropertyValueSpecification\",\"valueRequired\":true,\"valueName\":\"search_term_string\"}}],\"inLanguage\":\"en-GB\"}]}<\/script>\n<!-- \/ Yoast SEO plugin. -->","yoast_head_json":{"title":"Formazione digitale - ABI - Associazione Bancaria Italiana","robots":{"index":"index","follow":"follow","max-snippet":"max-snippet:-1","max-image-preview":"max-image-preview:large","max-video-preview":"max-video-preview:-1"},"canonical":"https:\/\/www.abi.it\/en\/i-macro-trend\/capitale-umano\/formazione-digitale\/","og_locale":"en_GB","og_type":"article","og_title":"Formazione digitale - ABI - Associazione Bancaria Italiana","og_description":"Formazione digitale Il settore bancario \u00e8 oggi al centro di una trasformazione digitale profonda, che coinvolge le persone, prima che i processi e i servizi. Le banche riconoscono che l\u2019innovazione tecnologica non pu\u00f2 prescindere da un investimento strategico e continuo nel capitale umano. Per questo motivo, la formazione digitale rappresenta una priorit\u00e0. Le banche, supportate [&hellip;]","og_url":"https:\/\/www.abi.it\/en\/i-macro-trend\/capitale-umano\/formazione-digitale\/","og_site_name":"ABI - Associazione Bancaria Italiana","article_modified_time":"2025-06-18T08:52:18+00:00","twitter_card":"summary_large_image","twitter_misc":{"Estimated reading time":"2 minutes"},"schema":{"@context":"https:\/\/schema.org","@graph":[{"@type":"WebPage","@id":"https:\/\/www.abi.it\/i-macro-trend\/capitale-umano\/formazione-digitale\/","url":"https:\/\/www.abi.it\/i-macro-trend\/capitale-umano\/formazione-digitale\/","name":"Formazione digitale - ABI - Associazione Bancaria Italiana","isPartOf":{"@id":"https:\/\/www.abi.it\/#website"},"datePublished":"2025-06-05T07:40:32+00:00","dateModified":"2025-06-18T08:52:18+00:00","breadcrumb":{"@id":"https:\/\/www.abi.it\/i-macro-trend\/capitale-umano\/formazione-digitale\/#breadcrumb"},"inLanguage":"en-GB","potentialAction":[{"@type":"ReadAction","target":["https:\/\/www.abi.it\/i-macro-trend\/capitale-umano\/formazione-digitale\/"]}]},{"@type":"BreadcrumbList","@id":"https:\/\/www.abi.it\/i-macro-trend\/capitale-umano\/formazione-digitale\/#breadcrumb","itemListElement":[{"@type":"ListItem","position":1,"name":"Home","item":"https:\/\/abi-newsite.azurewebsites.net\/"},{"@type":"ListItem","position":2,"name":"I macro-trend","item":"https:\/\/www.abi.it\/i-macro-trend\/"},{"@type":"ListItem","position":3,"name":"Capitale umano","item":"https:\/\/www.abi.it\/i-macro-trend\/capitale-umano\/"},{"@type":"ListItem","position":4,"name":"Formazione digitale"}]},{"@type":"WebSite","@id":"https:\/\/www.abi.it\/#website","url":"https:\/\/www.abi.it\/","name":"ABI - Italian Banking Association","description":"","potentialAction":[{"@type":"SearchAction","target":{"@type":"EntryPoint","urlTemplate":"https:\/\/www.abi.it\/?s={search_term_string}"},"query-input":{"@type":"PropertyValueSpecification","valueRequired":true,"valueName":"search_term_string"}}],"inLanguage":"en-GB"}]}},"_links":{"self":[{"href":"https:\/\/www.abi.it\/en\/wp-json\/wp\/v2\/pages\/44933","targetHints":{"allow":["GET"]}}],"collection":[{"href":"https:\/\/www.abi.it\/en\/wp-json\/wp\/v2\/pages"}],"about":[{"href":"https:\/\/www.abi.it\/en\/wp-json\/wp\/v2\/types\/page"}],"author":[{"embeddable":true,"href":"https:\/\/www.abi.it\/en\/wp-json\/wp\/v2\/users\/19"}],"replies":[{"embeddable":true,"href":"https:\/\/www.abi.it\/en\/wp-json\/wp\/v2\/comments?post=44933"}],"version-history":[{"count":26,"href":"https:\/\/www.abi.it\/en\/wp-json\/wp\/v2\/pages\/44933\/revisions"}],"predecessor-version":[{"id":46984,"href":"https:\/\/www.abi.it\/en\/wp-json\/wp\/v2\/pages\/44933\/revisions\/46984"}],"up":[{"embeddable":true,"href":"https:\/\/www.abi.it\/en\/wp-json\/wp\/v2\/pages\/39229"}],"wp:attachment":[{"href":"https:\/\/www.abi.it\/en\/wp-json\/wp\/v2\/media?parent=44933"}],"curies":[{"name":"wp","href":"https:\/\/api.w.org\/{rel}","templated":true}]}}