{"id":49658,"date":"2025-07-28T12:42:43","date_gmt":"2025-07-28T10:42:43","guid":{"rendered":"https:\/\/abi-newsite.azurewebsites.net\/?page_id=49658"},"modified":"2025-07-28T13:00:14","modified_gmt":"2025-07-28T11:00:14","slug":"note-legali","status":"publish","type":"page","link":"https:\/\/www.abi.it\/en\/note-legali\/","title":{"rendered":"Legal Notes"},"content":{"rendered":"<div data-elementor-type=\"wp-page\" data-elementor-id=\"49658\" class=\"elementor elementor-49658\" data-elementor-post-type=\"page\">\n\t\t\t\t<div class=\"elementor-element elementor-element-107f460 e-flex e-con-boxed e-con e-parent\" data-id=\"107f460\" data-element_type=\"container\" data-e-type=\"container\" id=\"skip-to-main-content\">\n\t\t\t\t\t<div class=\"e-con-inner\">\n\t\t\t\t<div class=\"elementor-element elementor-element-3ab32ca elementor-align-left elementor-widget elementor-widget-breadcrumbs\" data-id=\"3ab32ca\" data-element_type=\"widget\" data-e-type=\"widget\" data-widget_type=\"breadcrumbs.default\">\n\t\t\t\t<div class=\"elementor-widget-container\">\n\t\t\t\t\t<nav id=\"breadcrumbs\"><span><span><a href=\"https:\/\/abi-newsite.azurewebsites.net\/\">Home<\/a><\/span><\/span><\/nav>\t\t\t\t<\/div>\n\t\t\t\t<\/div>\n\t\t<div class=\"elementor-element elementor-element-5d47e18 e-con-full e-flex e-con e-child\" data-id=\"5d47e18\" data-element_type=\"container\" data-e-type=\"container\">\n\t\t\t\t<div class=\"elementor-element elementor-element-51417d2 elementor-widget elementor-widget-heading\" data-id=\"51417d2\" data-element_type=\"widget\" data-e-type=\"widget\" data-widget_type=\"heading.default\">\n\t\t\t\t<div class=\"elementor-widget-container\">\n\t\t\t\t\t<h1 class=\"elementor-heading-title elementor-size-default\">Legal Notes<\/h1>\t\t\t\t<\/div>\n\t\t\t\t<\/div>\n\t\t\t\t<div class=\"elementor-element elementor-element-ae1ee27 elementor-widget elementor-widget-heading\" data-id=\"ae1ee27\" data-element_type=\"widget\" data-e-type=\"widget\" data-widget_type=\"heading.default\">\n\t\t\t\t<div class=\"elementor-widget-container\">\n\t\t\t\t\t<h2 class=\"elementor-heading-title elementor-size-default\">Limitazioni di responsabilit\u00e0<\/h2>\t\t\t\t<\/div>\n\t\t\t\t<\/div>\n\t\t\t\t<div class=\"elementor-element elementor-element-604a065 elementor-widget elementor-widget-pxl_text_editor\" data-id=\"604a065\" data-element_type=\"widget\" data-e-type=\"widget\" data-widget_type=\"pxl_text_editor.default\">\n\t\t\t\t<div class=\"elementor-widget-container\">\n\t\t\t\t\t<div class=\"pxl-text-editor\">\n\t<div class=\"pxl-item--inner\" data-wow-delay=\"ms\">\n\t\t<p>I contenuti presenti su questo sito web, inclusi testi, documenti, immagini, grafici, video e ogni altro materiale pubblicato (\u201cContenuti\u201d), sono forniti a solo scopo informativo e divulgativo. L\u2019Associazione Bancaria Italiana (ABI) si impegna a garantire l\u2019accuratezza e l\u2019aggiornamento delle informazioni, ma non assume alcuna responsabilit\u00e0 per eventuali errori, omissioni o inesattezze.<\/p>\t\t\n\t<\/div>\n<\/div>\t\t\t\t<\/div>\n\t\t\t\t<\/div>\n\t\t\t\t<div class=\"elementor-element elementor-element-9ce7692 elementor-widget elementor-widget-pxl_text_editor\" data-id=\"9ce7692\" data-element_type=\"widget\" data-e-type=\"widget\" data-widget_type=\"pxl_text_editor.default\">\n\t\t\t\t<div class=\"elementor-widget-container\">\n\t\t\t\t\t<div class=\"pxl-text-editor\">\n\t<div class=\"pxl-item--inner\" data-wow-delay=\"ms\">\n\t\t<p>I Contenuti non costituiscono in alcun modo consulenza professionale, legale, bancaria o finanziaria, n\u00e9 possono essere considerati vincolanti per l\u2019ABI o per i soggetti associati. L\u2019uso delle informazioni \u00e8 sotto la piena responsabilit\u00e0 dell\u2019utente. L\u2019ABI si riserva il diritto di modificare, aggiornare o rimuovere i Contenuti in qualsiasi momento e senza preavviso. L\u2019accesso a siti esterni tramite link non implica alcuna responsabilit\u00e0 da parte dell\u2019ABI per i contenuti di tali siti.<\/p>\t\t\n\t<\/div>\n<\/div>\t\t\t\t<\/div>\n\t\t\t\t<\/div>\n\t\t\t\t<div class=\"elementor-element elementor-element-7a141a2 elementor-widget elementor-widget-heading\" data-id=\"7a141a2\" data-element_type=\"widget\" data-e-type=\"widget\" data-widget_type=\"heading.default\">\n\t\t\t\t<div class=\"elementor-widget-container\">\n\t\t\t\t\t<h2 class=\"elementor-heading-title elementor-size-default\">Contenuti e profili non ufficiali<\/h2>\t\t\t\t<\/div>\n\t\t\t\t<\/div>\n\t\t\t\t<div class=\"elementor-element elementor-element-e8754e5 elementor-widget elementor-widget-text-editor\" data-id=\"e8754e5\" data-element_type=\"widget\" data-e-type=\"widget\" data-widget_type=\"text-editor.default\">\n\t\t\t\t<div class=\"elementor-widget-container\">\n\t\t\t\t\t\t\t\t\t<p>L'<strong>Associazione Bancaria Italiana (ABI)<\/strong>\u00a0informa che il solo <strong>canale online ufficiale<\/strong>\u00a0<strong>ABI<\/strong>\u00a0\u00e8 il sito web istituzionale <strong><u><a href=\"https:\/\/www.abi.it\/en\/\">www.abi.it<\/a><\/u><\/strong>\u00a0e richiama alla massima attenzione rispetto alla presenza e circolazione di eventuali <strong>profili falsi collegati all\u2019Associazione<\/strong>\u00a0<strong>e ai suoi rappresentanti<\/strong>.<\/p><p><strong>Il Presidente e il Direttore Generale dell\u2019ABI non hanno profili personali sui social network<\/strong>. Qualunque profilo personale che utilizzi il loro nome e la loro persona \u00e8 manifestamente falso.<\/p><ol><li><strong>ABI invita tutti gli utenti a verificare sempre l\u2019attendibilit\u00e0 della fonte <\/strong>da cui proviene qualsiasi informazione apparentemente riconducibile all\u2019ABI o ai suoi rappresentanti.<\/li><li><strong>ABI non propone, promuove n\u00e9 pubblicizza prodotti finanziari o servizi di trading, n\u00e9 direttamente n\u00e9 attraverso canali social. <\/strong>Qualsiasi comunicazione che suggerisca il contrario <strong>non \u00e8 riconducibile all\u2019Associazione<\/strong>\u00a0e deve essere considerata priva di fondamento.<\/li><li><strong>ABI non fornisce in alcun modo consulenze o raccomandazioni di investimento.<\/strong><\/li><\/ol><p>Ricordiamo a tutti gli utenti di:<\/p><ol><li>\u00a0<strong>Non condividere mai dati personali, bancari o sensibili <\/strong>con soggetti non verificati o sconosciuti.<\/li><li>\u00a0<strong>Segnalare tempestivamente <\/strong>alle <strong>autorit\u00e0 competenti<\/strong>\u00a0o alla <strong>piattaforma social di riferimento<\/strong>\u00a0eventuali profili sospetti o comportamenti anomali.<\/li><li>\u00a0<strong>Diffidare da qualsiasi comunicazione a nome dell\u2019ABI <\/strong>che non provenga dai canali ufficiali.<\/li><\/ol><p>ABI si riserva di intraprendere le azioni legali necessarie a tutela del proprio nome e della sicurezza degli utenti.<\/p>\t\t\t\t\t\t\t\t<\/div>\n\t\t\t\t<\/div>\n\t\t\t\t<\/div>\n\t\t\t\t\t<\/div>\n\t\t\t\t<\/div>\n\t\t\t\t<\/div>","protected":false},"excerpt":{"rendered":"<p>Note Legali Limitazioni di responsabilit\u00e0 I contenuti presenti su questo sito web, inclusi testi, documenti, immagini, grafici, video e ogni altro materiale pubblicato (\u201cContenuti\u201d), sono forniti a solo scopo informativo e divulgativo. L\u2019Associazione Bancaria Italiana (ABI) si impegna a garantire l\u2019accuratezza e l\u2019aggiornamento delle informazioni, ma non assume alcuna responsabilit\u00e0 per eventuali errori, omissioni o [&hellip;]<\/p>","protected":false},"author":7,"featured_media":0,"parent":0,"menu_order":0,"comment_status":"closed","ping_status":"closed","template":"","meta":{"_acf_changed":false,"footnotes":""},"class_list":["post-49658","page","type-page","status-publish","hentry"],"acf":[],"yoast_head":"<!-- This site is optimized with the Yoast SEO plugin v27.2 - https:\/\/yoast.com\/product\/yoast-seo-wordpress\/ -->\n<title>Note Legali - ABI - Associazione Bancaria Italiana<\/title>\n<meta name=\"robots\" content=\"index, follow, max-snippet:-1, max-image-preview:large, max-video-preview:-1\" \/>\n<link rel=\"canonical\" href=\"https:\/\/www.abi.it\/en\/note-legali\/\" \/>\n<meta property=\"og:locale\" content=\"en_GB\" \/>\n<meta property=\"og:type\" content=\"article\" \/>\n<meta property=\"og:title\" content=\"Note Legali - ABI - Associazione Bancaria Italiana\" \/>\n<meta property=\"og:description\" content=\"Note Legali Limitazioni di responsabilit\u00e0 I contenuti presenti su questo sito web, inclusi testi, documenti, immagini, grafici, video e ogni altro materiale pubblicato (\u201cContenuti\u201d), sono forniti a solo scopo informativo e divulgativo. L\u2019Associazione Bancaria Italiana (ABI) si impegna a garantire l\u2019accuratezza e l\u2019aggiornamento delle informazioni, ma non assume alcuna responsabilit\u00e0 per eventuali errori, omissioni o [&hellip;]\" \/>\n<meta property=\"og:url\" content=\"https:\/\/www.abi.it\/en\/note-legali\/\" \/>\n<meta property=\"og:site_name\" content=\"ABI - Associazione Bancaria Italiana\" \/>\n<meta property=\"article:modified_time\" content=\"2025-07-28T11:00:14+00:00\" \/>\n<meta name=\"twitter:card\" content=\"summary_large_image\" \/>\n<meta name=\"twitter:label1\" content=\"Estimated reading time\" \/>\n\t<meta name=\"twitter:data1\" content=\"2 minutes\" \/>\n<script type=\"application\/ld+json\" class=\"yoast-schema-graph\">{\"@context\":\"https:\/\/schema.org\",\"@graph\":[{\"@type\":\"WebPage\",\"@id\":\"https:\/\/www.abi.it\/en\/note-legali\/\",\"url\":\"https:\/\/www.abi.it\/en\/note-legali\/\",\"name\":\"Note Legali - ABI - Associazione Bancaria Italiana\",\"isPartOf\":{\"@id\":\"https:\/\/www.abi.it\/#website\"},\"datePublished\":\"2025-07-28T10:42:43+00:00\",\"dateModified\":\"2025-07-28T11:00:14+00:00\",\"breadcrumb\":{\"@id\":\"https:\/\/www.abi.it\/en\/note-legali\/#breadcrumb\"},\"inLanguage\":\"en-GB\",\"potentialAction\":[{\"@type\":\"ReadAction\",\"target\":[\"https:\/\/www.abi.it\/en\/note-legali\/\"]}]},{\"@type\":\"BreadcrumbList\",\"@id\":\"https:\/\/www.abi.it\/en\/note-legali\/#breadcrumb\",\"itemListElement\":[{\"@type\":\"ListItem\",\"position\":1,\"name\":\"Home\",\"item\":\"https:\/\/abi-newsite.azurewebsites.net\/\"},{\"@type\":\"ListItem\",\"position\":2,\"name\":\"Note Legali\"}]},{\"@type\":\"WebSite\",\"@id\":\"https:\/\/www.abi.it\/#website\",\"url\":\"https:\/\/www.abi.it\/\",\"name\":\"ABI - Associazione Bancaria Italiana\",\"description\":\"\",\"potentialAction\":[{\"@type\":\"SearchAction\",\"target\":{\"@type\":\"EntryPoint\",\"urlTemplate\":\"https:\/\/www.abi.it\/?s={search_term_string}\"},\"query-input\":{\"@type\":\"PropertyValueSpecification\",\"valueRequired\":true,\"valueName\":\"search_term_string\"}}],\"inLanguage\":\"en-GB\"}]}<\/script>\n<!-- \/ Yoast SEO plugin. -->","yoast_head_json":{"title":"Note Legali - ABI - Associazione Bancaria Italiana","robots":{"index":"index","follow":"follow","max-snippet":"max-snippet:-1","max-image-preview":"max-image-preview:large","max-video-preview":"max-video-preview:-1"},"canonical":"https:\/\/www.abi.it\/en\/note-legali\/","og_locale":"en_GB","og_type":"article","og_title":"Note Legali - ABI - Associazione Bancaria Italiana","og_description":"Note Legali Limitazioni di responsabilit\u00e0 I contenuti presenti su questo sito web, inclusi testi, documenti, immagini, grafici, video e ogni altro materiale pubblicato (\u201cContenuti\u201d), sono forniti a solo scopo informativo e divulgativo. L\u2019Associazione Bancaria Italiana (ABI) si impegna a garantire l\u2019accuratezza e l\u2019aggiornamento delle informazioni, ma non assume alcuna responsabilit\u00e0 per eventuali errori, omissioni o [&hellip;]","og_url":"https:\/\/www.abi.it\/en\/note-legali\/","og_site_name":"ABI - Associazione Bancaria Italiana","article_modified_time":"2025-07-28T11:00:14+00:00","twitter_card":"summary_large_image","twitter_misc":{"Estimated reading time":"2 minutes"},"schema":{"@context":"https:\/\/schema.org","@graph":[{"@type":"WebPage","@id":"https:\/\/www.abi.it\/en\/note-legali\/","url":"https:\/\/www.abi.it\/en\/note-legali\/","name":"Note Legali - ABI - Associazione Bancaria Italiana","isPartOf":{"@id":"https:\/\/www.abi.it\/#website"},"datePublished":"2025-07-28T10:42:43+00:00","dateModified":"2025-07-28T11:00:14+00:00","breadcrumb":{"@id":"https:\/\/www.abi.it\/en\/note-legali\/#breadcrumb"},"inLanguage":"en-GB","potentialAction":[{"@type":"ReadAction","target":["https:\/\/www.abi.it\/en\/note-legali\/"]}]},{"@type":"BreadcrumbList","@id":"https:\/\/www.abi.it\/en\/note-legali\/#breadcrumb","itemListElement":[{"@type":"ListItem","position":1,"name":"Home","item":"https:\/\/abi-newsite.azurewebsites.net\/"},{"@type":"ListItem","position":2,"name":"Note Legali"}]},{"@type":"WebSite","@id":"https:\/\/www.abi.it\/#website","url":"https:\/\/www.abi.it\/","name":"ABI - Italian Banking Association","description":"","potentialAction":[{"@type":"SearchAction","target":{"@type":"EntryPoint","urlTemplate":"https:\/\/www.abi.it\/?s={search_term_string}"},"query-input":{"@type":"PropertyValueSpecification","valueRequired":true,"valueName":"search_term_string"}}],"inLanguage":"en-GB"}]}},"_links":{"self":[{"href":"https:\/\/www.abi.it\/en\/wp-json\/wp\/v2\/pages\/49658","targetHints":{"allow":["GET"]}}],"collection":[{"href":"https:\/\/www.abi.it\/en\/wp-json\/wp\/v2\/pages"}],"about":[{"href":"https:\/\/www.abi.it\/en\/wp-json\/wp\/v2\/types\/page"}],"author":[{"embeddable":true,"href":"https:\/\/www.abi.it\/en\/wp-json\/wp\/v2\/users\/7"}],"replies":[{"embeddable":true,"href":"https:\/\/www.abi.it\/en\/wp-json\/wp\/v2\/comments?post=49658"}],"version-history":[{"count":5,"href":"https:\/\/www.abi.it\/en\/wp-json\/wp\/v2\/pages\/49658\/revisions"}],"predecessor-version":[{"id":49672,"href":"https:\/\/www.abi.it\/en\/wp-json\/wp\/v2\/pages\/49658\/revisions\/49672"}],"wp:attachment":[{"href":"https:\/\/www.abi.it\/en\/wp-json\/wp\/v2\/media?parent=49658"}],"curies":[{"name":"wp","href":"https:\/\/api.w.org\/{rel}","templated":true}]}}